{"id":313,"date":"2022-04-03T20:09:56","date_gmt":"2022-04-03T19:09:56","guid":{"rendered":"https:\/\/mytto.es\/mytto4\/public_html\/?page_id=313"},"modified":"2022-12-05T20:10:06","modified_gmt":"2022-12-05T19:10:06","slug":"politica-de-cookies","status":"publish","type":"page","link":"https:\/\/mytto.es\/mytto4\/politica-de-cookies\/","title":{"rendered":"Pol\u00edtica de Cookies"},"content":{"rendered":"[vc_row type=\u00bbin_container\u00bb full_screen_row_position=\u00bbmiddle\u00bb column_margin=\u00bbdefault\u00bb column_direction=\u00bbdefault\u00bb column_direction_tablet=\u00bbdefault\u00bb column_direction_phone=\u00bbdefault\u00bb scene_position=\u00bbcenter\u00bb top_padding=\u00bb50&#8243; constrain_group_3=\u00bbyes\u00bb constrain_group_5=\u00bbyes\u00bb left_margin=\u00bb0&#8243; text_color=\u00bbdark\u00bb text_align=\u00bbleft\u00bb row_border_radius=\u00bbnone\u00bb row_border_radius_applies=\u00bbbg\u00bb overflow=\u00bbvisible\u00bb advanced_gradient_angle=\u00bb0&#8243; overlay_strength=\u00bb0.3&#8243; gradient_direction=\u00bbleft_to_right\u00bb shape_divider_position=\u00bbbottom\u00bb bg_image_animation=\u00bbnone\u00bb gradient_type=\u00bbdefault\u00bb shape_type=\u00bb\u00bb][vc_column column_padding=\u00bbno-extra-padding\u00bb column_padding_tablet=\u00bbinherit\u00bb column_padding_phone=\u00bbinherit\u00bb column_padding_position=\u00bball\u00bb column_element_direction_desktop=\u00bbdefault\u00bb column_element_spacing=\u00bbdefault\u00bb desktop_text_alignment=\u00bbdefault\u00bb tablet_text_alignment=\u00bbdefault\u00bb phone_text_alignment=\u00bbdefault\u00bb background_color_opacity=\u00bb1&#8243; background_hover_color_opacity=\u00bb1&#8243; column_backdrop_filter=\u00bbnone\u00bb column_shadow=\u00bbnone\u00bb column_border_radius=\u00bbnone\u00bb column_link_target=\u00bb_self\u00bb column_position=\u00bbdefault\u00bb gradient_direction=\u00bbleft_to_right\u00bb overlay_strength=\u00bb0.3&#8243; width=\u00bb1\/1&#8243; tablet_width_inherit=\u00bbdefault\u00bb animation_type=\u00bbdefault\u00bb bg_image_animation=\u00bbnone\u00bb border_type=\u00bbsimple\u00bb column_border_width=\u00bbnone\u00bb column_border_style=\u00bbsolid\u00bb][vc_column_text]Las cookies son ficheros que se descargan en su ordenador al acceder a determinadas p\u00e1ginas web para permitir almacenar y recabar informaci\u00f3n sobre los h\u00e1bitos de navegaci\u00f3n de un usuario.<\/p>\n<p>En MYTTO AGENCIA DE COMUNICACI\u00d3N Y MARKETING S.L., utilizamos los siguientes tipos de cookies:<\/p>\n<p>\u2022 Cookies de an\u00e1lisis: Aquellas que bien tratadas por nosotros o por terceros, nos permiten cuantificar a los usuarios y realizar el an\u00e1lisis estad\u00edstico de la utilizaci\u00f3n del servicio. Se analiza su navegaci\u00f3n en nuestra p\u00e1gina web con el fin de mejorar la oferta de productos o servicios.<\/p>\n<p>\u2022 Cookies propias: Aquellas que se env\u00edan al equipo terminal del usuario desde un equipo o dominio gestionado por el propio editor y desde el que se presta el servicio solicitado por el usuario.<\/p>\n<p>\u2022 Cookies de terceros: Aquellas que se env\u00edan al equipo terminal del usuario desde un equipo o dominio que no es gestionado por el editor, sino por otra entidad que trata los datos obtenidos trav\u00e9s de las cookies.<\/p>\n<p>Algunas de las cookies incluidas en las categor\u00edas descritas anteriormente las almacenan terceros en su equipo cuando usted utiliza nuestra web, sobre estas no tenemos control alguno. Se utilizan para permitir a ese tercero prestarnos un servicio, por ejemplo, de an\u00e1lisis. Para m\u00e1s informaci\u00f3n sobre estas cookies y sobre c\u00f3mo deshabilitarlas, vea la pol\u00edtica de privacidad individual de\u00a0<a href=\"https:\/\/www.google.com\/analytics\/learn\/privacy.html?hl=es\" target=\"_blank\" rel=\"noopener noreferrer\">https:\/\/www.google.com\/analytics\/learn\/privacy.html?hl=es.<\/a><\/p>\n<p>Puede usted permitir, bloquear o eliminar las cookies instaladas en su equipo mediante la configuraci\u00f3n de las opciones del navegador instalado en su ordenador.<\/p>\n<p>Para m\u00e1s informaci\u00f3n consulte la pol\u00edtica del navegador o navegadores que est\u00e9 utilizando.<\/p>\n<p>Actualizaciones y cambios en la Pol\u00edtica de Cookies.<\/p>\n<p>MYTTO AGENCIA DE COMUNICACI\u00d3N Y MARKETING S.L. puede modificar la Pol\u00edtica de Cookies en funci\u00f3n de nuevas exigencias legislativas, reglamentarias, o con la finalidad de adaptarla a las instrucciones dictadas por la Agencia Espa\u00f1ola de Protecci\u00f3n de Datos.<\/p>\n<p>Cuando se produzcan cambios en esta Pol\u00edtica de Cookies se comunicar\u00e1 al usuario mediante un aviso informativo insertado en la p\u00e1gina web. Si desea m\u00e1s informaci\u00f3n sobre qu\u00e9 uso hacemos de las Cookies, puede enviarnos un e-mail a\u00a0<a title=\"correo Andimistraci\u00f3n\" href=\"mailto:info@mytto.es\">info@mytto.es<\/a>[\/vc_column_text][\/vc_column][\/vc_row]\n","protected":false},"excerpt":{"rendered":"<p>[vc_row type=\u00bbin_container\u00bb full_screen_row_position=\u00bbmiddle\u00bb column_margin=\u00bbdefault\u00bb column_direction=\u00bbdefault\u00bb column_direction_tablet=\u00bbdefault\u00bb column_direction_phone=\u00bbdefault\u00bb scene_position=\u00bbcenter\u00bb top_padding=\u00bb50&#8243; constrain_group_3=\u00bbyes\u00bb constrain_group_5=\u00bbyes\u00bb left_margin=\u00bb0&#8243; text_color=\u00bbdark\u00bb text_align=\u00bbleft\u00bb row_border_radius=\u00bbnone\u00bb row_border_radius_applies=\u00bbbg\u00bb overflow=\u00bbvisible\u00bb advanced_gradient_angle=\u00bb0&#8243; overlay_strength=\u00bb0.3&#8243; gradient_direction=\u00bbleft_to_right\u00bb shape_divider_position=\u00bbbottom\u00bb bg_image_animation=\u00bbnone\u00bb gradient_type=\u00bbdefault\u00bb shape_type=\u00bb\u00bb][vc_column column_padding=\u00bbno-extra-padding\u00bb column_padding_tablet=\u00bbinherit\u00bb column_padding_phone=\u00bbinherit\u00bb column_padding_position=\u00bball\u00bb column_element_direction_desktop=\u00bbdefault\u00bb column_element_spacing=\u00bbdefault\u00bb&#8230;<\/p>\n","protected":false},"author":3,"featured_media":1111,"parent":0,"menu_order":0,"comment_status":"closed","ping_status":"closed","template":"","meta":{"footnotes":""},"class_list":["post-313","page","type-page","status-publish","has-post-thumbnail"],"yoast_head":"<!-- This site is optimized with the Yoast SEO plugin v19.11 - https:\/\/yoast.com\/wordpress\/plugins\/seo\/ -->\n<title>Pol\u00edtica de Cookies | Mytto<\/title>\n<meta name=\"description\" content=\"Las cookies son ficheros que se descargan en su ordenador al acceder a determinadas p\u00e1ginas web para permitir almacenar y recabar informaci\u00f3n sobre los h\u00e1bitos de navegaci\u00f3n de un usuario.\" \/>\n<meta name=\"robots\" content=\"index, follow, max-snippet:-1, max-image-preview:large, max-video-preview:-1\" \/>\n<link rel=\"canonical\" href=\"https:\/\/mytto.es\/mytto4\/politica-de-cookies\/\" \/>\n<meta property=\"og:locale\" content=\"es_ES\" \/>\n<meta property=\"og:type\" content=\"article\" \/>\n<meta property=\"og:title\" content=\"Pol\u00edtica de Cookies | Mytto\" \/>\n<meta property=\"og:description\" content=\"Las cookies son ficheros que se descargan en su ordenador al acceder a determinadas p\u00e1ginas web para permitir almacenar y recabar informaci\u00f3n sobre los h\u00e1bitos de navegaci\u00f3n de un usuario.\" \/>\n<meta property=\"og:url\" content=\"https:\/\/mytto.es\/mytto4\/politica-de-cookies\/\" \/>\n<meta property=\"og:site_name\" content=\"Mytto\" \/>\n<meta property=\"article:modified_time\" content=\"2022-12-05T19:10:06+00:00\" \/>\n<meta property=\"og:image\" content=\"https:\/\/mytto.es\/mytto4\/wp-content\/uploads\/2022\/11\/reforma-del-hogar.jpg\" \/>\n\t<meta property=\"og:image:width\" content=\"1600\" \/>\n\t<meta property=\"og:image:height\" content=\"1067\" \/>\n\t<meta property=\"og:image:type\" content=\"image\/jpeg\" \/>\n<meta name=\"twitter:card\" content=\"summary_large_image\" \/>\n<meta name=\"twitter:label1\" content=\"Tiempo de lectura\" \/>\n\t<meta name=\"twitter:data1\" content=\"2 minutos\" \/>\n<script type=\"application\/ld+json\" class=\"yoast-schema-graph\">{\"@context\":\"https:\/\/schema.org\",\"@graph\":[{\"@type\":\"WebPage\",\"@id\":\"https:\/\/mytto.es\/mytto4\/politica-de-cookies\/\",\"url\":\"https:\/\/mytto.es\/mytto4\/politica-de-cookies\/\",\"name\":\"Pol\u00edtica de Cookies | Mytto\",\"isPartOf\":{\"@id\":\"https:\/\/mytto.es\/mytto4\/#website\"},\"datePublished\":\"2022-04-03T19:09:56+00:00\",\"dateModified\":\"2022-12-05T19:10:06+00:00\",\"description\":\"Las cookies son ficheros que se descargan en su ordenador al acceder a determinadas p\u00e1ginas web para permitir almacenar y recabar informaci\u00f3n sobre los h\u00e1bitos de navegaci\u00f3n de un usuario.\",\"breadcrumb\":{\"@id\":\"https:\/\/mytto.es\/mytto4\/politica-de-cookies\/#breadcrumb\"},\"inLanguage\":\"es\",\"potentialAction\":[{\"@type\":\"ReadAction\",\"target\":[\"https:\/\/mytto.es\/mytto4\/politica-de-cookies\/\"]}]},{\"@type\":\"BreadcrumbList\",\"@id\":\"https:\/\/mytto.es\/mytto4\/politica-de-cookies\/#breadcrumb\",\"itemListElement\":[{\"@type\":\"ListItem\",\"position\":1,\"name\":\"Portada\",\"item\":\"https:\/\/mytto.es\/mytto4\/\"},{\"@type\":\"ListItem\",\"position\":2,\"name\":\"Pol\u00edtica de Cookies\"}]},{\"@type\":\"WebSite\",\"@id\":\"https:\/\/mytto.es\/mytto4\/#website\",\"url\":\"https:\/\/mytto.es\/mytto4\/\",\"name\":\"Mytto\",\"description\":\"Agencia de Comunicaci\u00f3n y Marketing\",\"potentialAction\":[{\"@type\":\"SearchAction\",\"target\":{\"@type\":\"EntryPoint\",\"urlTemplate\":\"https:\/\/mytto.es\/mytto4\/?s={search_term_string}\"},\"query-input\":\"required name=search_term_string\"}],\"inLanguage\":\"es\"}]}<\/script>\n<!-- \/ Yoast SEO plugin. -->","yoast_head_json":{"title":"Pol\u00edtica de Cookies | Mytto","description":"Las cookies son ficheros que se descargan en su ordenador al acceder a determinadas p\u00e1ginas web para permitir almacenar y recabar informaci\u00f3n sobre los h\u00e1bitos de navegaci\u00f3n de un usuario.","robots":{"index":"index","follow":"follow","max-snippet":"max-snippet:-1","max-image-preview":"max-image-preview:large","max-video-preview":"max-video-preview:-1"},"canonical":"https:\/\/mytto.es\/mytto4\/politica-de-cookies\/","og_locale":"es_ES","og_type":"article","og_title":"Pol\u00edtica de Cookies | Mytto","og_description":"Las cookies son ficheros que se descargan en su ordenador al acceder a determinadas p\u00e1ginas web para permitir almacenar y recabar informaci\u00f3n sobre los h\u00e1bitos de navegaci\u00f3n de un usuario.","og_url":"https:\/\/mytto.es\/mytto4\/politica-de-cookies\/","og_site_name":"Mytto","article_modified_time":"2022-12-05T19:10:06+00:00","og_image":[{"width":1600,"height":1067,"url":"https:\/\/mytto.es\/mytto4\/wp-content\/uploads\/2022\/11\/reforma-del-hogar.jpg","type":"image\/jpeg"}],"twitter_card":"summary_large_image","twitter_misc":{"Tiempo de lectura":"2 minutos"},"schema":{"@context":"https:\/\/schema.org","@graph":[{"@type":"WebPage","@id":"https:\/\/mytto.es\/mytto4\/politica-de-cookies\/","url":"https:\/\/mytto.es\/mytto4\/politica-de-cookies\/","name":"Pol\u00edtica de Cookies | Mytto","isPartOf":{"@id":"https:\/\/mytto.es\/mytto4\/#website"},"datePublished":"2022-04-03T19:09:56+00:00","dateModified":"2022-12-05T19:10:06+00:00","description":"Las cookies son ficheros que se descargan en su ordenador al acceder a determinadas p\u00e1ginas web para permitir almacenar y recabar informaci\u00f3n sobre los h\u00e1bitos de navegaci\u00f3n de un usuario.","breadcrumb":{"@id":"https:\/\/mytto.es\/mytto4\/politica-de-cookies\/#breadcrumb"},"inLanguage":"es","potentialAction":[{"@type":"ReadAction","target":["https:\/\/mytto.es\/mytto4\/politica-de-cookies\/"]}]},{"@type":"BreadcrumbList","@id":"https:\/\/mytto.es\/mytto4\/politica-de-cookies\/#breadcrumb","itemListElement":[{"@type":"ListItem","position":1,"name":"Portada","item":"https:\/\/mytto.es\/mytto4\/"},{"@type":"ListItem","position":2,"name":"Pol\u00edtica de Cookies"}]},{"@type":"WebSite","@id":"https:\/\/mytto.es\/mytto4\/#website","url":"https:\/\/mytto.es\/mytto4\/","name":"Mytto","description":"Agencia de Comunicaci\u00f3n y Marketing","potentialAction":[{"@type":"SearchAction","target":{"@type":"EntryPoint","urlTemplate":"https:\/\/mytto.es\/mytto4\/?s={search_term_string}"},"query-input":"required name=search_term_string"}],"inLanguage":"es"}]}},"_links":{"self":[{"href":"https:\/\/mytto.es\/mytto4\/wp-json\/wp\/v2\/pages\/313","targetHints":{"allow":["GET"]}}],"collection":[{"href":"https:\/\/mytto.es\/mytto4\/wp-json\/wp\/v2\/pages"}],"about":[{"href":"https:\/\/mytto.es\/mytto4\/wp-json\/wp\/v2\/types\/page"}],"author":[{"embeddable":true,"href":"https:\/\/mytto.es\/mytto4\/wp-json\/wp\/v2\/users\/3"}],"replies":[{"embeddable":true,"href":"https:\/\/mytto.es\/mytto4\/wp-json\/wp\/v2\/comments?post=313"}],"version-history":[{"count":8,"href":"https:\/\/mytto.es\/mytto4\/wp-json\/wp\/v2\/pages\/313\/revisions"}],"predecessor-version":[{"id":1230,"href":"https:\/\/mytto.es\/mytto4\/wp-json\/wp\/v2\/pages\/313\/revisions\/1230"}],"wp:featuredmedia":[{"embeddable":true,"href":"https:\/\/mytto.es\/mytto4\/wp-json\/wp\/v2\/media\/1111"}],"wp:attachment":[{"href":"https:\/\/mytto.es\/mytto4\/wp-json\/wp\/v2\/media?parent=313"}],"curies":[{"name":"wp","href":"https:\/\/api.w.org\/{rel}","templated":true}]}}