{"id":311,"date":"2022-04-03T20:06:39","date_gmt":"2022-04-03T19:06:39","guid":{"rendered":"https:\/\/mytto.es\/mytto4\/public_html\/?page_id=311"},"modified":"2022-12-05T20:12:01","modified_gmt":"2022-12-05T19:12:01","slug":"politica-de-privacidad","status":"publish","type":"page","link":"https:\/\/mytto.es\/mytto4\/politica-de-privacidad\/","title":{"rendered":"Pol\u00edtica de Privacidad"},"content":{"rendered":"[vc_row type=\u00bbin_container\u00bb full_screen_row_position=\u00bbmiddle\u00bb column_margin=\u00bbdefault\u00bb column_direction=\u00bbdefault\u00bb column_direction_tablet=\u00bbdefault\u00bb column_direction_phone=\u00bbdefault\u00bb scene_position=\u00bbcenter\u00bb top_padding=\u00bb50&#8243; text_color=\u00bbdark\u00bb text_align=\u00bbleft\u00bb row_border_radius=\u00bbnone\u00bb row_border_radius_applies=\u00bbbg\u00bb overflow=\u00bbvisible\u00bb overlay_strength=\u00bb0.3&#8243; gradient_direction=\u00bbleft_to_right\u00bb shape_divider_position=\u00bbbottom\u00bb bg_image_animation=\u00bbnone\u00bb gradient_type=\u00bbdefault\u00bb shape_type=\u00bb\u00bb][vc_column column_padding=\u00bbno-extra-padding\u00bb column_padding_tablet=\u00bbinherit\u00bb column_padding_phone=\u00bbinherit\u00bb column_padding_position=\u00bball\u00bb column_element_direction_desktop=\u00bbdefault\u00bb column_element_spacing=\u00bbdefault\u00bb desktop_text_alignment=\u00bbdefault\u00bb tablet_text_alignment=\u00bbdefault\u00bb phone_text_alignment=\u00bbdefault\u00bb background_color_opacity=\u00bb1&#8243; background_hover_color_opacity=\u00bb1&#8243; column_backdrop_filter=\u00bbnone\u00bb column_shadow=\u00bbnone\u00bb column_border_radius=\u00bbnone\u00bb column_link_target=\u00bb_self\u00bb column_position=\u00bbdefault\u00bb gradient_direction=\u00bbleft_to_right\u00bb overlay_strength=\u00bb0.3&#8243; width=\u00bb1\/1&#8243; tablet_width_inherit=\u00bbdefault\u00bb animation_type=\u00bbdefault\u00bb bg_image_animation=\u00bbnone\u00bb border_type=\u00bbsimple\u00bb column_border_width=\u00bbnone\u00bb column_border_style=\u00bbsolid\u00bb][vc_column_text]<strong>POL\u00cdTICA DE PRIVACIDAD<\/strong><\/p>\n<ol>\n<li><strong>\u2013 Protecci\u00f3n de Datos.<\/strong><\/li>\n<\/ol>\n<p><strong>1.1. Responsable del Tratamiento.<\/strong><\/p>\n<p>Los datos personales recogidos ser\u00e1n objeto de tratamiento por\u00a0<strong>MYTTO AGENCIA DE COMUNICACI\u00d3N Y MARKETING S.L.<\/strong>\u00a0(en adelante el TITULAR), con direcci\u00f3n situada en\u00a0<strong>C\/Pie Solo Siete, 4 \u2013 41500 Alcal\u00e1 de Guadaira (Sevilla)<\/strong>\u00a0(en adelante la DIRECCI\u00d3N) y direcci\u00f3n de correo electr\u00f3nico:\u00a0<strong>info@mytto.es\u00a0\u00a0<\/strong>(en adelante el EMAIL), cuando as\u00ed sea preciso, en funci\u00f3n de los servicios contratados a trav\u00e9s del presente sitio web, que act\u00faa, como Responsable del Tratamiento.<\/p>\n<p>El usuario podr\u00e1 proporcionarnos, siempre de forma voluntaria, informaci\u00f3n de car\u00e1cter personal, bien, a trav\u00e9s de determinados formularios de recogida de datos incluidos en las diferentes secciones de la web, bien mediante las direcciones de correo electr\u00f3nico habilitadas a tal efecto. El suministro de cualquier dato de car\u00e1cter personal a trav\u00e9s de los distintos formularios y direcciones de correo electr\u00f3nico de la presente web implica la aceptaci\u00f3n y el consentimiento del tratamiento de los mismos en los t\u00e9rminos indicados en el presente escrito.<\/p>\n<p><strong>1.2. Finalidades del tratamiento de los datos personales.<\/strong><\/p>\n<p>La recogida y el tratamiento de sus datos personales tiene como finalidades las que a continuaci\u00f3n se mencionan:<\/p>\n<ol>\n<li>Poder contactar con el usuario;<\/li>\n<li>Atender y gestionar de forma adecuada las consultas, comentarios, incidencias o sugerencias remitidas por el mismo;<\/li>\n<\/ol>\n<p>iii. Gestionar las tareas b\u00e1sicas de administraci\u00f3n;<\/p>\n<ol>\n<li>Atender y gestionar adecuadamente las solicitudes de presupuestos enviadas a trav\u00e9s de este medio;<\/li>\n<li>Mantener informado, bien por medios electr\u00f3nicos o dispositivos m\u00f3viles (notificaciones push), bien por cualquier otro medio que as\u00ed se haya previsto y facilitado, de ofertas y descuentos ofrecidos por el TITULAR, o por terceros que pudieran resultar de su inter\u00e9s;<\/li>\n<li>Prestar servicios a\u00f1adidos, mejoras en nuestros servicios y en la experiencia del cliente al hacer uso de la Web;<\/li>\n<\/ol>\n<p>vii. An\u00e1lisis estad\u00edsticos de visitas a la Web y comportamientos de sus Usuarios en la misma de forma an\u00f3nima;<\/p>\n<p>viii. Gestionar su participaci\u00f3n en los cursos de formaci\u00f3n ofertados por la empresa a trav\u00e9s del presente medio;<\/p>\n<p>viii. Llevar a cabo las gestiones necesarias para adecuar su participaci\u00f3n en procesos de selecci\u00f3n de personal ofertados por la empresa;<\/p>\n<ol>\n<li>Gestionar adecuadamente su participaci\u00f3n en los concursos, sorteos y promociones ofrecidas por el TITULAR, a trav\u00e9s de este medio;<\/li>\n<li>Gestionar adecuadamente la navegaci\u00f3n a trav\u00e9s de la Web.<\/li>\n<\/ol>\n<p>Respecto al tratamiento de sus datos con fines promocionales, publicitarios o comerciales, se facilitar\u00e1 al usuario, junto con el formulario de recogida de datos correspondiente, el oportuno procedimiento, sencillo y gratuito, para que pueda prestar libremente su consentimiento a tal efecto. Este consentimiento otorgado puede ser revocado en cualquier momento y sin coste alguno para el interesado.<\/p>\n<p><strong>1.3. Legitimaci\u00f3n.<\/strong><\/p>\n<p>Las bases jur\u00eddicas que legitiman los tratamientos indicados son la ejecuci\u00f3n del contrato adquirido, el consentimiento del usuario y el inter\u00e9s leg\u00edtimo del TITULAR.<\/p>\n<p><strong>1.4. Destinatarios de los datos personales.<\/strong><\/p>\n<p>El destinatario de la informaci\u00f3n facilitada ser\u00e1 el TITULAR, Los datos personales de los usuarios ser\u00e1n comunicados a la empresa que presta el servicio contratado por el usuario. Los destinatarios de los datos suministrados, se comprometen a utilizar la informaci\u00f3n facilitada de forma confidencial y de acuerdo a las finalidades previamente autorizadas por los usuarios.<\/p>\n<p>Asimismo, se informa a aquellos usuarios que env\u00eden informaci\u00f3n relacionada con su curr\u00edculum vitae, que sus datos se gestionar\u00e1n de forma oportuna por parte del TITULAR, para llevar a cabo el proceso de selecci\u00f3n que corresponda. Mediante el env\u00edo de los datos el usuario acepta y consiente el tratamiento de sus datos personales conforme a la finalidad se\u00f1alada.<\/p>\n<p><strong>1.5. Derechos de los interesados.<\/strong><\/p>\n<p>El usuario podr\u00e1 ejercer los derechos de acceso, rectificaci\u00f3n, supresi\u00f3n, oposici\u00f3n, portabilidad y limitaci\u00f3n de sus datos, dirigi\u00e9ndose al TITULAR, mediante solicitud a nuestra direcci\u00f3n de correo electr\u00f3nico establecida a tal efecto: EL EMAIL, o a la direcci\u00f3n postal: LA DIRECCI\u00d3N, especificando el derecho que desea ejercer y adjuntando en todo caso, fotocopia del D.N.I o documento equivalente v\u00e1lido en derecho que permita acreditar su identidad.<\/p>\n<p>Cualquier interesado, podr\u00e1 en cualquier momento posterior, en los t\u00e9rminos establecidos en la normativa sobre protecci\u00f3n de datos, revocar la autorizaci\u00f3n concedida para el tratamiento de sus datos personales.<\/p>\n<p>El interesado tendr\u00e1 derecho a formular una queja o reclamaci\u00f3n ante la Agencia Espa\u00f1ola de Protecci\u00f3n de Datos (<a href=\"http:\/\/www.agpd.es\/\">www.agpd.es<\/a>).<\/p>\n<p>El usuario responder\u00e1, en cualquier caso, ante la veracidad de los datos facilitados, reserv\u00e1ndose el TITULAR, el derecho a excluir aquellos datos falsos que se hayan facilitado, sin perjuicio de las dem\u00e1s acciones que procedan en Derecho. El usuario se hace responsable de comunicar cualquier modificaci\u00f3n de los datos personales facilitados por el mismo.<\/p>\n<p><strong>1.6. Plazo de conservaci\u00f3n de los datos.<\/strong><\/p>\n<p>El TITULAR, s\u00f3lo almacena los datos personales de los usuarios en la medida en que precisa de ellos a fin de poder utilizarlos seg\u00fan la finalidad para la que fue recabada, y seg\u00fan la base jur\u00eddica del tratamiento de los mismos. El TITULAR, mantendr\u00e1 los datos personales mientras exista una relaci\u00f3n contractual y\/o comercial con el usuario y mientras \u00e9ste no ejerza el derecho de supresi\u00f3n, cancelaci\u00f3n y\/o limitaci\u00f3n del tratamiento de los mismos. En estos casos mantendremos los datos debidamente bloqueados, sin darle ning\u00fan tipo de uso, mientras puedan ser necesarios para el ejercicio o defensa de reclamaciones o pueda derivarse alg\u00fan tipo de responsabilidad judicial, legal o contractual de su tratamiento, que deba ser atendida y para lo cual sea necesaria su recuperaci\u00f3n.<\/p>\n<p>El TITULAR, se compromete a cumplir lo dispuesto en la normativa vigente en cuanto al deber de cancelaci\u00f3n de la informaci\u00f3n personal que haya dejado de ser necesaria para el fin o los fines para los cuales fue recabada, bloqueando la misma, con el objetivo de poder atender a las posibles responsabilidades derivadas del tratamiento de los datos, y s\u00f3lo durante los plazos de prescripci\u00f3n de dichas responsabilidades. Una vez cumplidos dichos plazos, se eliminar\u00e1n definitivamente mediante m\u00e9todos seguros garantizados.<\/p>\n<p><strong>1.7. Informaci\u00f3n que recabamos de las visitas a la web.<\/strong><\/p>\n<p>Recabamos y almacenamos informaci\u00f3n personal limitada y estad\u00edsticas globales an\u00f3nimas de todos aquellos usuarios que visitan la Web, ya sea porque nos la facilite el usuario de forma activa o porque se encuentre simplemente navegando por ella. La informaci\u00f3n que recabamos incluye la direcci\u00f3n del protocolo de Internet (IP) que permite conocer el dispositivo que usa el usuario, el navegador utilizado, su sistema operativo, la fecha y hora del acceso, la direcci\u00f3n de Internet de la web por la que accede el usuario y por la que la abandona y tambi\u00e9n informaci\u00f3n de comportamiento sobre c\u00f3mo utiliza nuestra web.<\/p>\n<p>Esta informaci\u00f3n es utilizada por el TITULAR, para saber el tiempo de carga de nuestra web, los patrones de comportamiento que siguen los usuarios que acceden a ella, el n\u00famero total de visitas y la duraci\u00f3n de las mismas y el tipo de informaci\u00f3n que m\u00e1s consulta el usuario. Esta informaci\u00f3n ayuda a el TITULAR, a identificar si la p\u00e1gina web funciona correctamente, a fin de detectar incidencias o errores en el funcionamiento, solucionarlos y mejorar el rendimiento de la Web, para poder ofrecer un mejor servicio a todos los usuarios.<\/p>\n<p>En consideraci\u00f3n a lo anterior, recabamos datos de uso y navegaci\u00f3n a efectos estad\u00edsticos y publicitarios, de control del uso de nuestra p\u00e1gina y de mejorar el conocimiento sobre los intereses del Usuario siempre de forma an\u00f3nima.<\/p>\n<p><strong>1.8. Menores de Edad.<\/strong><\/p>\n<p>Los menores de 16 a\u00f1os no deber\u00e1n enviar ninguna informaci\u00f3n personal sin el consentimiento de su padre o tutor. El TITULAR, no es responsable de ninguna informaci\u00f3n personal enviada por usuarios menores de 16 a\u00f1os sin la autorizaci\u00f3n citada.<\/p>\n<p><strong>1.9. Medidas de seguridad.<\/strong><\/p>\n<p>El TITULAR, ha adoptado el protocolo de seguridad de protecci\u00f3n de datos personales requerido por la normativa vigente, en funci\u00f3n del tipo de informaci\u00f3n tratada y ha implantado medidas t\u00e9cnicas adicionales a su alcance para evitar su alteraci\u00f3n, p\u00e9rdida, tratamiento o acceso no autorizado de los datos personales facilitados.<\/p>\n<p>El TITULAR garantiza la adopci\u00f3n de las medidas oportunas de protecci\u00f3n para garantizar la seguridad de la informaci\u00f3n y la confidencialidad de los datos que el usuario facilita por Internet.<\/p>\n<p><strong>1.10. Cookies.<\/strong><\/p>\n<p>El acceso a esta web puede implicar la aceptaci\u00f3n de cookies. Las cookies son peque\u00f1as cantidades de informaci\u00f3n que se almacenan en el navegador de cada usuario para que el servidor recuerde cierta informaci\u00f3n de navegaci\u00f3n que posteriormente pueda ser utilizada. Esta informaci\u00f3n permite identificar al usuario como visitante concreto pero an\u00f3nimo y permite guardar sus preferencias personales, as\u00ed como informaci\u00f3n t\u00e9cnica como puedan ser visitas o p\u00e1ginas concretas que visite.<\/p>\n<p>Aquellos usuarios que no deseen la instalaci\u00f3n de cookies o quieran ser informados antes de que se almacenen en su ordenador, pueden configurar su navegador a tal efecto. Para m\u00e1s informaci\u00f3n consulte \u201cPolitica de cookies\u201d.<\/p>\n<p><strong>2.- Derechos de Propiedad Industrial e Intelectual.<\/strong><\/p>\n<p>La totalidad de los elementos, dise\u00f1os, contenidos y aplicaciones albergados en la Web as\u00ed como todos los Derechos de Propiedad Industrial e Intelectual inherentes a ella, son titularidad del TITULAR, estando protegidos tanto por la normativa de Propiedad Industrial e Intelectual. Dichos elementos, no podr\u00e1n ser objeto de explotaci\u00f3n, reproducci\u00f3n, distribuci\u00f3n ni de cualquier otro procedimiento de difusi\u00f3n, que no haya sido previamente autorizada de forma expresa. El TITULAR, se reserva la aplicaci\u00f3n de las acciones judiciales que le amparen frente a quienes vulneren los derechos de titularidad citados.<\/p>\n<p><strong>3.- Modificaciones.<\/strong><\/p>\n<p>El presente Aviso Legal y Pol\u00edtica de Privacidad podr\u00e1 ser modificado con el fin de adaptarlo a las novedades legislativas o jurisprudenciales, as\u00ed como por cambios en la actuaci\u00f3n y estrategia empresarial del TITULAR, por lo que recomendamos al usuario su lectura antes de cada acceso y navegaci\u00f3n por el sitio web. No obstante, las relaciones establecidas con los usuarios, con anterioridad a la modificaci\u00f3n del presente Aviso Legal y Pol\u00edtica de Privacidad, se regir\u00e1n por las normas establecidas en el momento en que el usuario accedi\u00f3 al sitio Web.<\/p>\n<p>El TITULAR, facilitar\u00e1 los recursos t\u00e9cnicos adecuados para que el usuario pueda acceder a este Aviso Legal y Pol\u00edtica de Privacidad y Protecci\u00f3n de Datos, previamente a navegar por el resto de \u00e1reas de la Web.<\/p>\n<p><strong>4.- Legislaci\u00f3n y Fuero Aplicable.<\/strong><\/p>\n<p>Para la resoluci\u00f3n de cualquier controversia relacionada con el presente sitio web o de las acciones en \u00e9l desarrolladas, ser\u00e1 de aplicaci\u00f3n la legislaci\u00f3n espa\u00f1ola, a la que se someten expresamente las partes, siendo competentes para la resoluci\u00f3n de todos los conflictos derivados o relacionados con su uso los Juzgados y Tribunales competentes de acuerdo con la legislaci\u00f3n que resulte de aplicaci\u00f3n.<\/p>\n<p>En el caso de que alguna de las disposiciones contenidas en este Aviso Legal sea declarada nula o no v\u00e1lida, se proceder\u00e1 a la retirada o sustituci\u00f3n de la misma. En cualquier caso, dicha declaraci\u00f3n de nulidad no afectar\u00e1 a la validez del resto de disposiciones recogidas en el presente escrito.[\/vc_column_text][\/vc_column][\/vc_row]\n","protected":false},"excerpt":{"rendered":"<p>[vc_row type=\u00bbin_container\u00bb full_screen_row_position=\u00bbmiddle\u00bb column_margin=\u00bbdefault\u00bb column_direction=\u00bbdefault\u00bb column_direction_tablet=\u00bbdefault\u00bb column_direction_phone=\u00bbdefault\u00bb scene_position=\u00bbcenter\u00bb top_padding=\u00bb50&#8243; text_color=\u00bbdark\u00bb text_align=\u00bbleft\u00bb row_border_radius=\u00bbnone\u00bb row_border_radius_applies=\u00bbbg\u00bb overflow=\u00bbvisible\u00bb overlay_strength=\u00bb0.3&#8243; gradient_direction=\u00bbleft_to_right\u00bb shape_divider_position=\u00bbbottom\u00bb bg_image_animation=\u00bbnone\u00bb gradient_type=\u00bbdefault\u00bb shape_type=\u00bb\u00bb][vc_column column_padding=\u00bbno-extra-padding\u00bb column_padding_tablet=\u00bbinherit\u00bb column_padding_phone=\u00bbinherit\u00bb column_padding_position=\u00bball\u00bb column_element_direction_desktop=\u00bbdefault\u00bb column_element_spacing=\u00bbdefault\u00bb desktop_text_alignment=\u00bbdefault\u00bb tablet_text_alignment=\u00bbdefault\u00bb phone_text_alignment=\u00bbdefault\u00bb background_color_opacity=\u00bb1&#8243;&#8230;<\/p>\n","protected":false},"author":3,"featured_media":1111,"parent":0,"menu_order":0,"comment_status":"closed","ping_status":"closed","template":"","meta":{"footnotes":""},"class_list":["post-311","page","type-page","status-publish","has-post-thumbnail"],"yoast_head":"<!-- This site is optimized with the Yoast SEO plugin v19.11 - https:\/\/yoast.com\/wordpress\/plugins\/seo\/ -->\n<title>Pol\u00edtica de Privacidad | Mytto<\/title>\n<meta name=\"description\" content=\"Los datos personales recogidos ser\u00e1n objeto de tratamiento por\u00a0MYTTO AGENCIA DE COMUNICACI\u00d3N Y MARKETING S.L.\u00a0(en adelante el TITULAR), con direcci\u00f3n situada en...\" \/>\n<meta name=\"robots\" content=\"noindex, nofollow\" \/>\n<meta property=\"og:locale\" content=\"es_ES\" \/>\n<meta property=\"og:type\" content=\"article\" \/>\n<meta property=\"og:title\" content=\"Pol\u00edtica de Privacidad | Mytto\" \/>\n<meta property=\"og:description\" content=\"Los datos personales recogidos ser\u00e1n objeto de tratamiento por\u00a0MYTTO AGENCIA DE COMUNICACI\u00d3N Y MARKETING S.L.\u00a0(en adelante el TITULAR), con direcci\u00f3n situada en...\" \/>\n<meta property=\"og:url\" content=\"https:\/\/mytto.es\/mytto4\/politica-de-privacidad\/\" \/>\n<meta property=\"og:site_name\" content=\"Mytto\" \/>\n<meta property=\"article:modified_time\" content=\"2022-12-05T19:12:01+00:00\" \/>\n<meta property=\"og:image\" content=\"https:\/\/mytto.es\/mytto4\/wp-content\/uploads\/2022\/11\/reforma-del-hogar.jpg\" \/>\n\t<meta property=\"og:image:width\" content=\"1600\" \/>\n\t<meta property=\"og:image:height\" content=\"1067\" \/>\n\t<meta property=\"og:image:type\" content=\"image\/jpeg\" \/>\n<meta name=\"twitter:card\" content=\"summary_large_image\" \/>\n<meta name=\"twitter:label1\" content=\"Tiempo de lectura\" \/>\n\t<meta name=\"twitter:data1\" content=\"9 minutos\" \/>\n<script type=\"application\/ld+json\" class=\"yoast-schema-graph\">{\"@context\":\"https:\/\/schema.org\",\"@graph\":[{\"@type\":\"WebPage\",\"@id\":\"https:\/\/mytto.es\/mytto4\/politica-de-privacidad\/\",\"url\":\"https:\/\/mytto.es\/mytto4\/politica-de-privacidad\/\",\"name\":\"Pol\u00edtica de Privacidad | Mytto\",\"isPartOf\":{\"@id\":\"https:\/\/mytto.es\/mytto4\/#website\"},\"datePublished\":\"2022-04-03T19:06:39+00:00\",\"dateModified\":\"2022-12-05T19:12:01+00:00\",\"description\":\"Los datos personales recogidos ser\u00e1n objeto de tratamiento por\u00a0MYTTO AGENCIA DE COMUNICACI\u00d3N Y MARKETING S.L.\u00a0(en adelante el TITULAR), con direcci\u00f3n situada en...\",\"breadcrumb\":{\"@id\":\"https:\/\/mytto.es\/mytto4\/politica-de-privacidad\/#breadcrumb\"},\"inLanguage\":\"es\",\"potentialAction\":[{\"@type\":\"ReadAction\",\"target\":[\"https:\/\/mytto.es\/mytto4\/politica-de-privacidad\/\"]}]},{\"@type\":\"BreadcrumbList\",\"@id\":\"https:\/\/mytto.es\/mytto4\/politica-de-privacidad\/#breadcrumb\",\"itemListElement\":[{\"@type\":\"ListItem\",\"position\":1,\"name\":\"Portada\",\"item\":\"https:\/\/mytto.es\/mytto4\/\"},{\"@type\":\"ListItem\",\"position\":2,\"name\":\"Pol\u00edtica de Privacidad\"}]},{\"@type\":\"WebSite\",\"@id\":\"https:\/\/mytto.es\/mytto4\/#website\",\"url\":\"https:\/\/mytto.es\/mytto4\/\",\"name\":\"Mytto\",\"description\":\"Agencia de Comunicaci\u00f3n y Marketing\",\"potentialAction\":[{\"@type\":\"SearchAction\",\"target\":{\"@type\":\"EntryPoint\",\"urlTemplate\":\"https:\/\/mytto.es\/mytto4\/?s={search_term_string}\"},\"query-input\":\"required name=search_term_string\"}],\"inLanguage\":\"es\"}]}<\/script>\n<!-- \/ Yoast SEO plugin. -->","yoast_head_json":{"title":"Pol\u00edtica de Privacidad | Mytto","description":"Los datos personales recogidos ser\u00e1n objeto de tratamiento por\u00a0MYTTO AGENCIA DE COMUNICACI\u00d3N Y MARKETING S.L.\u00a0(en adelante el TITULAR), con direcci\u00f3n situada en...","robots":{"index":"noindex","follow":"nofollow"},"og_locale":"es_ES","og_type":"article","og_title":"Pol\u00edtica de Privacidad | Mytto","og_description":"Los datos personales recogidos ser\u00e1n objeto de tratamiento por\u00a0MYTTO AGENCIA DE COMUNICACI\u00d3N Y MARKETING S.L.\u00a0(en adelante el TITULAR), con direcci\u00f3n situada en...","og_url":"https:\/\/mytto.es\/mytto4\/politica-de-privacidad\/","og_site_name":"Mytto","article_modified_time":"2022-12-05T19:12:01+00:00","og_image":[{"width":1600,"height":1067,"url":"https:\/\/mytto.es\/mytto4\/wp-content\/uploads\/2022\/11\/reforma-del-hogar.jpg","type":"image\/jpeg"}],"twitter_card":"summary_large_image","twitter_misc":{"Tiempo de lectura":"9 minutos"},"schema":{"@context":"https:\/\/schema.org","@graph":[{"@type":"WebPage","@id":"https:\/\/mytto.es\/mytto4\/politica-de-privacidad\/","url":"https:\/\/mytto.es\/mytto4\/politica-de-privacidad\/","name":"Pol\u00edtica de Privacidad | Mytto","isPartOf":{"@id":"https:\/\/mytto.es\/mytto4\/#website"},"datePublished":"2022-04-03T19:06:39+00:00","dateModified":"2022-12-05T19:12:01+00:00","description":"Los datos personales recogidos ser\u00e1n objeto de tratamiento por\u00a0MYTTO AGENCIA DE COMUNICACI\u00d3N Y MARKETING S.L.\u00a0(en adelante el TITULAR), con direcci\u00f3n situada en...","breadcrumb":{"@id":"https:\/\/mytto.es\/mytto4\/politica-de-privacidad\/#breadcrumb"},"inLanguage":"es","potentialAction":[{"@type":"ReadAction","target":["https:\/\/mytto.es\/mytto4\/politica-de-privacidad\/"]}]},{"@type":"BreadcrumbList","@id":"https:\/\/mytto.es\/mytto4\/politica-de-privacidad\/#breadcrumb","itemListElement":[{"@type":"ListItem","position":1,"name":"Portada","item":"https:\/\/mytto.es\/mytto4\/"},{"@type":"ListItem","position":2,"name":"Pol\u00edtica de Privacidad"}]},{"@type":"WebSite","@id":"https:\/\/mytto.es\/mytto4\/#website","url":"https:\/\/mytto.es\/mytto4\/","name":"Mytto","description":"Agencia de Comunicaci\u00f3n y Marketing","potentialAction":[{"@type":"SearchAction","target":{"@type":"EntryPoint","urlTemplate":"https:\/\/mytto.es\/mytto4\/?s={search_term_string}"},"query-input":"required name=search_term_string"}],"inLanguage":"es"}]}},"_links":{"self":[{"href":"https:\/\/mytto.es\/mytto4\/wp-json\/wp\/v2\/pages\/311","targetHints":{"allow":["GET"]}}],"collection":[{"href":"https:\/\/mytto.es\/mytto4\/wp-json\/wp\/v2\/pages"}],"about":[{"href":"https:\/\/mytto.es\/mytto4\/wp-json\/wp\/v2\/types\/page"}],"author":[{"embeddable":true,"href":"https:\/\/mytto.es\/mytto4\/wp-json\/wp\/v2\/users\/3"}],"replies":[{"embeddable":true,"href":"https:\/\/mytto.es\/mytto4\/wp-json\/wp\/v2\/comments?post=311"}],"version-history":[{"count":6,"href":"https:\/\/mytto.es\/mytto4\/wp-json\/wp\/v2\/pages\/311\/revisions"}],"predecessor-version":[{"id":1231,"href":"https:\/\/mytto.es\/mytto4\/wp-json\/wp\/v2\/pages\/311\/revisions\/1231"}],"wp:featuredmedia":[{"embeddable":true,"href":"https:\/\/mytto.es\/mytto4\/wp-json\/wp\/v2\/media\/1111"}],"wp:attachment":[{"href":"https:\/\/mytto.es\/mytto4\/wp-json\/wp\/v2\/media?parent=311"}],"curies":[{"name":"wp","href":"https:\/\/api.w.org\/{rel}","templated":true}]}}